{"id":1223,"date":"2021-10-29T13:50:00","date_gmt":"2021-10-29T13:50:00","guid":{"rendered":"https:\/\/axxessintl.com\/?page_id=1223"},"modified":"2022-01-27T21:12:52","modified_gmt":"2022-01-27T21:12:52","slug":"apply-online","status":"publish","type":"page","link":"https:\/\/axxessintl.com\/en\/careers\/apply-online\/","title":{"rendered":"Online Application"},"content":{"rendered":"\t\t<div data-elementor-type=\"wp-page\" data-elementor-id=\"1223\" class=\"elementor elementor-1223 elementor-870\" data-elementor-post-type=\"page\">\n\t\t\t\t\t\t<section class=\"elementor-section elementor-top-section elementor-element elementor-element-9a80eb9 elementor-section-boxed elementor-section-height-default elementor-section-height-default\" data-id=\"9a80eb9\" data-element_type=\"section\" data-e-type=\"section\">\n\t\t\t\t\t\t<div class=\"elementor-container elementor-column-gap-default\">\n\t\t\t\t\t<div class=\"elementor-column elementor-col-100 elementor-top-column elementor-element elementor-element-972dbc3\" data-id=\"972dbc3\" data-element_type=\"column\" data-e-type=\"column\">\n\t\t\t<div class=\"elementor-widget-wrap elementor-element-populated\">\n\t\t\t\t\t\t<div class=\"elementor-element elementor-element-a64d466 elementor-widget elementor-widget-heading\" data-id=\"a64d466\" data-element_type=\"widget\" data-e-type=\"widget\" data-widget_type=\"heading.default\">\n\t\t\t\t<div class=\"elementor-widget-container\">\n\t\t\t\t\t<h2 class=\"elementor-heading-title elementor-size-default\">Application form<\/h2>\t\t\t\t<\/div>\n\t\t\t\t<\/div>\n\t\t\t\t<div class=\"elementor-element elementor-element-bc11036 elementor-widget elementor-widget-text-editor\" data-id=\"bc11036\" data-element_type=\"widget\" data-e-type=\"widget\" data-widget_type=\"text-editor.default\">\n\t\t\t\t<div class=\"elementor-widget-container\">\n\t\t\t\t\t\t\t\t\t<p>Axxess, a world of possibilities! Send us your application to join our team of experts!<\/p>\t\t\t\t\t\t\t\t<\/div>\n\t\t\t\t<\/div>\n\t\t\t\t<div class=\"elementor-element elementor-element-e7d448b elementor-button-align-start elementor-widget elementor-widget-form\" data-id=\"e7d448b\" data-element_type=\"widget\" data-e-type=\"widget\" data-settings=\"{&quot;step_next_label&quot;:&quot;Next&quot;,&quot;step_previous_label&quot;:&quot;Previous&quot;,&quot;button_width&quot;:&quot;33&quot;,&quot;step_type&quot;:&quot;number_text&quot;,&quot;step_icon_shape&quot;:&quot;circle&quot;}\" data-widget_type=\"form.default\">\n\t\t\t\t<div class=\"elementor-widget-container\">\n\t\t\t\t\t\t\t<form class=\"elementor-form\" method=\"post\" name=\"Online Application\" aria-label=\"Online Application\">\n\t\t\t<input type=\"hidden\" name=\"post_id\" value=\"1223\"\/>\n\t\t\t<input type=\"hidden\" name=\"form_id\" value=\"e7d448b\"\/>\n\t\t\t<input type=\"hidden\" name=\"referer_title\" value=\"Online Application\" \/>\n\n\t\t\t\t\t\t\t<input type=\"hidden\" name=\"queried_id\" value=\"1223\"\/>\n\t\t\t\n\t\t\t<div class=\"elementor-form-fields-wrapper elementor-labels-\">\n\t\t\t\t\t\t\t\t<div class=\"elementor-field-type-text elementor-field-group elementor-column elementor-field-group-firstname elementor-col-50 elementor-field-required\">\n\t\t\t\t\t\t\t\t\t\t\t\t<label for=\"form-field-firstname\" class=\"elementor-field-label elementor-screen-only\">\n\t\t\t\t\t\t\t\tFirst Name\t\t\t\t\t\t\t<\/label>\n\t\t\t\t\t\t\t\t\t\t\t\t\t\t<input size=\"1\" type=\"text\" name=\"form_fields[firstname]\" id=\"form-field-firstname\" class=\"elementor-field elementor-size-sm  elementor-field-textual\" placeholder=\"First Name*\" required=\"required\">\n\t\t\t\t\t\t\t\t\t\t\t<\/div>\n\t\t\t\t\t\t\t\t<div class=\"elementor-field-type-text elementor-field-group elementor-column elementor-field-group-name elementor-col-50 elementor-field-required\">\n\t\t\t\t\t\t\t\t\t\t\t\t<label for=\"form-field-name\" class=\"elementor-field-label elementor-screen-only\">\n\t\t\t\t\t\t\t\tLast Name\t\t\t\t\t\t\t<\/label>\n\t\t\t\t\t\t\t\t\t\t\t\t\t\t<input size=\"1\" type=\"text\" name=\"form_fields[name]\" id=\"form-field-name\" class=\"elementor-field elementor-size-sm  elementor-field-textual\" placeholder=\"Last Name*\" required=\"required\">\n\t\t\t\t\t\t\t\t\t\t\t<\/div>\n\t\t\t\t\t\t\t\t<div class=\"elementor-field-type-tel elementor-field-group elementor-column elementor-field-group-email elementor-col-50 elementor-field-required\">\n\t\t\t\t\t\t\t\t\t\t\t\t<label for=\"form-field-email\" class=\"elementor-field-label elementor-screen-only\">\n\t\t\t\t\t\t\t\tTelephone\t\t\t\t\t\t\t<\/label>\n\t\t\t\t\t\t\t\t<input size=\"1\" type=\"tel\" name=\"form_fields[email]\" id=\"form-field-email\" class=\"elementor-field elementor-size-sm  elementor-field-textual\" placeholder=\"Telephone*\" required=\"required\" pattern=\"[0-9()#&amp;+*-=.]+\" title=\"Only numbers and phone characters (#, -, *, etc) are accepted.\">\n\n\t\t\t\t\t\t<\/div>\n\t\t\t\t\t\t\t\t<div class=\"elementor-field-type-tel elementor-field-group elementor-column elementor-field-group-field_af292af elementor-col-50\">\n\t\t\t\t\t\t\t\t\t\t\t\t<label for=\"form-field-field_af292af\" class=\"elementor-field-label elementor-screen-only\">\n\t\t\t\t\t\t\t\tCellphone\t\t\t\t\t\t\t<\/label>\n\t\t\t\t\t\t\t\t<input size=\"1\" type=\"tel\" name=\"form_fields[field_af292af]\" id=\"form-field-field_af292af\" class=\"elementor-field elementor-size-sm  elementor-field-textual\" placeholder=\"Cellphone\" pattern=\"[0-9()#&amp;+*-=.]+\" title=\"Only numbers and phone characters (#, -, *, etc) are accepted.\">\n\n\t\t\t\t\t\t<\/div>\n\t\t\t\t\t\t\t\t<div class=\"elementor-field-type-email elementor-field-group elementor-column elementor-field-group-email elementor-col-50 elementor-field-required\">\n\t\t\t\t\t\t\t\t\t\t\t\t<label for=\"form-field-email\" class=\"elementor-field-label elementor-screen-only\">\n\t\t\t\t\t\t\t\tEmail address\t\t\t\t\t\t\t<\/label>\n\t\t\t\t\t\t\t\t\t\t\t\t\t\t<input size=\"1\" type=\"email\" name=\"form_fields[email]\" id=\"form-field-email\" class=\"elementor-field elementor-size-sm  elementor-field-textual\" placeholder=\"Email address*\" required=\"required\">\n\t\t\t\t\t\t\t\t\t\t\t<\/div>\n\t\t\t\t\t\t\t\t<div class=\"elementor-field-type-select elementor-field-group elementor-column elementor-field-group-field_e1a6767 elementor-col-100\">\n\t\t\t\t\t\t\t\t\t\t\t\t<label for=\"form-field-field_e1a6767\" class=\"elementor-field-label elementor-screen-only\">\n\t\t\t\t\t\t\t\tPosition\t\t\t\t\t\t\t<\/label>\n\t\t\t\t\t\t\t\t<div class=\"elementor-field elementor-select-wrapper remove-before \">\n\t\t\t<div class=\"select-caret-down-wrapper\">\n\t\t\t\t<i aria-hidden=\"true\" class=\"eicon-caret-down\"><\/i>\t\t\t<\/div>\n\t\t\t<select name=\"form_fields[field_e1a6767]\" id=\"form-field-field_e1a6767\" class=\"elementor-field-textual elementor-size-sm\">\n\t\t\t\t\t\t\t\t\t<option value=\"Select a position\">Select a position<\/option>\n\t\t\t\t\t\t\t\t\t<option value=\"Agent LVSC\">Agent LVSC<\/option>\n\t\t\t\t\t\t\t\t\t<option value=\"Commis \u00e0 la douane am\u00e9ricaine\">Commis \u00e0 la douane am\u00e9ricaine<\/option>\n\t\t\t\t\t\t\t\t\t<option value=\"Coordonnateur au d\u00e9veloppement des affaires\">Coordonnateur au d\u00e9veloppement des affaires<\/option>\n\t\t\t\t\t\t\t\t\t<option value=\"Customs Clerk - Afternoon Shift\">Customs Clerk - Afternoon Shift<\/option>\n\t\t\t\t\t\t\t\t\t<option value=\"Customs Import Specialist\">Customs Import Specialist<\/option>\n\t\t\t\t\t\t\t\t\t<option value=\"Customs Intern\">Customs Intern<\/option>\n\t\t\t\t\t\t\t\t\t<option value=\"Customs Release Specialist\">Customs Release Specialist<\/option>\n\t\t\t\t\t\t\t\t\t<option value=\"Customs Release Specialist\">Customs Release Specialist<\/option>\n\t\t\t\t\t\t\t\t\t<option value=\"Customs Release Specialist\">Customs Release Specialist<\/option>\n\t\t\t\t\t\t\t\t\t<option value=\"LVSC Agent\">LVSC Agent<\/option>\n\t\t\t\t\t\t\t\t\t<option value=\"Road Transport Specialist\">Road Transport Specialist<\/option>\n\t\t\t\t\t\t\t\t\t<option value=\"Sp\u00e9cialiste \u00e0 l&#039;importation douani\u00e8re\">Sp\u00e9cialiste \u00e0 l&#039;importation douani\u00e8re<\/option>\n\t\t\t\t\t\t\t\t\t<option value=\"Sp\u00e9cialiste \u00e0 la rel\u00e2che douani\u00e8re\">Sp\u00e9cialiste \u00e0 la rel\u00e2che douani\u00e8re<\/option>\n\t\t\t\t\t\t\t\t\t<option value=\"Sp\u00e9cialiste \u00e0 la rel\u00e2che douani\u00e8re\">Sp\u00e9cialiste \u00e0 la rel\u00e2che douani\u00e8re<\/option>\n\t\t\t\t\t\t\t\t\t<option value=\"Sp\u00e9cialiste \u00e0 la rel\u00e2che douani\u00e8re\">Sp\u00e9cialiste \u00e0 la rel\u00e2che douani\u00e8re<\/option>\n\t\t\t\t\t\t\t\t\t<option value=\"Sp\u00e9cialiste transport routier\">Sp\u00e9cialiste transport routier<\/option>\n\t\t\t\t\t\t\t\t\t<option value=\"Stagiaire en Douanes\">Stagiaire en Douanes<\/option>\n\t\t\t\t\t\t\t\t\t<option value=\"US Customs Clerk\">US Customs Clerk<\/option>\n\t\t\t\t\t\t\t<\/select>\n\t\t<\/div>\n\t\t\t\t\t\t<\/div>\n\t\t\t\t\t\t\t\t<div class=\"elementor-field-type-html elementor-field-group elementor-column elementor-field-group-field_7e07bce elementor-col-100\">\n\t\t\t\t\tCurriculum vitae\t\t\t\t<\/div>\n\t\t\t\t\t\t\t\t<div class=\"elementor-field-type-upload elementor-field-group elementor-column elementor-field-group-field_8e92221 elementor-col-100 elementor-field-required\">\n\t\t\t\t\t\t\t\t\t\t\t\t<label for=\"form-field-field_8e92221\" class=\"elementor-field-label elementor-screen-only\">\n\t\t\t\t\t\t\t\tC.V.\t\t\t\t\t\t\t<\/label>\n\t\t\t\t\t\t\t\t<input type=\"file\" name=\"form_fields[field_8e92221]\" id=\"form-field-field_8e92221\" class=\"elementor-field elementor-size-sm  elementor-upload-field\" required=\"required\">\n\n\t\t\t\t\t\t<\/div>\n\t\t\t\t\t\t\t\t<div class=\"elementor-field-type-textarea elementor-field-group elementor-column elementor-field-group-message elementor-col-100\">\n\t\t\t\t\t\t\t\t\t\t\t\t<label for=\"form-field-message\" class=\"elementor-field-label elementor-screen-only\">\n\t\t\t\t\t\t\t\tQuestions or comments\t\t\t\t\t\t\t<\/label>\n\t\t\t\t\t\t<textarea class=\"elementor-field-textual elementor-field  elementor-size-sm\" name=\"form_fields[message]\" id=\"form-field-message\" rows=\"4\" placeholder=\"Questions or comments\"><\/textarea>\t\t\t\t<\/div>\n\t\t\t\t\t\t\t\t<div class=\"elementor-field-group elementor-column elementor-field-type-submit elementor-col-33 e-form__buttons\">\n\t\t\t\t\t<button class=\"elementor-button elementor-size-sm\" type=\"submit\">\n\t\t\t\t\t\t<span class=\"elementor-button-content-wrapper\">\n\t\t\t\t\t\t\t\t\t\t\t\t\t\t\t\t\t\t\t\t\t\t<span class=\"elementor-button-text\">Send<\/span>\n\t\t\t\t\t\t\t\t\t\t\t\t\t<\/span>\n\t\t\t\t\t<\/button>\n\t\t\t\t<\/div>\n\t\t\t<\/div>\n\t\t<\/form>\n\t\t\t\t\t\t<\/div>\n\t\t\t\t<\/div>\n\t\t\t\t\t<\/div>\n\t\t<\/div>\n\t\t\t\t\t<\/div>\n\t\t<\/section>\n\t\t\t\t<\/div>\n\t\t","protected":false},"excerpt":{"rendered":"<p>Application form Axxess, a world of possibilities! Send us your application to join our team of experts!<\/p>\n","protected":false},"author":1,"featured_media":0,"parent":1218,"menu_order":0,"comment_status":"closed","ping_status":"closed","template":"","meta":{"footnotes":""},"class_list":["post-1223","page","type-page","status-publish","hentry"],"_links":{"self":[{"href":"https:\/\/axxessintl.com\/en\/wp-json\/wp\/v2\/pages\/1223","targetHints":{"allow":["GET"]}}],"collection":[{"href":"https:\/\/axxessintl.com\/en\/wp-json\/wp\/v2\/pages"}],"about":[{"href":"https:\/\/axxessintl.com\/en\/wp-json\/wp\/v2\/types\/page"}],"author":[{"embeddable":true,"href":"https:\/\/axxessintl.com\/en\/wp-json\/wp\/v2\/users\/1"}],"replies":[{"embeddable":true,"href":"https:\/\/axxessintl.com\/en\/wp-json\/wp\/v2\/comments?post=1223"}],"version-history":[{"count":3,"href":"https:\/\/axxessintl.com\/en\/wp-json\/wp\/v2\/pages\/1223\/revisions"}],"predecessor-version":[{"id":3888,"href":"https:\/\/axxessintl.com\/en\/wp-json\/wp\/v2\/pages\/1223\/revisions\/3888"}],"up":[{"embeddable":true,"href":"https:\/\/axxessintl.com\/en\/wp-json\/wp\/v2\/pages\/1218"}],"wp:attachment":[{"href":"https:\/\/axxessintl.com\/en\/wp-json\/wp\/v2\/media?parent=1223"}],"curies":[{"name":"wp","href":"https:\/\/api.w.org\/{rel}","templated":true}]}}